{"id":244,"date":"2015-10-04T10:36:43","date_gmt":"2015-10-04T08:36:43","guid":{"rendered":"http:\/\/zilli-henneberg.de\/?page_id=244"},"modified":"2026-04-10T09:11:20","modified_gmt":"2026-04-10T07:11:20","slug":"melona-coco-online-release","status":"publish","type":"page","link":"https:\/\/zilli-henneberg.de\/","title":{"rendered":"Tanzen, Party, Spa\u00df, Satire"},"content":{"rendered":"<p>Neue Single mit Diensten<\/p>\n<p><iframe loading=\"lazy\" src=\"https:\/\/fanlink.tv\/verpaswas?embed=true\" allowfullscreen style=\"border-radius:3px\" frameborder=\"0\" height=\"500\" width=\"250\"><\/iframe><br \/>\nDas Leben erz\u00e4hlt mit ein paar Noten. Zilli Henneberg schreibt die Musik zu den Liedern, die das Leben schreibt.<br \/>\nSeine Texte sind satirisch, auch sarkastisch, mitten aus unserem Leben und bringen jeden zum Schmunzeln und oder Nachdenken.<br \/>\nObwohl Zilli in seiner dritten Lebensphase ist und seine Musik nicht zum Mainstream geh\u00f6rt, ist sie dennoch rhythmisch, tanzbar und clubtauglich.<br \/>\nIn seiner letzten Band nannte man ihn auch Boogie-Man. Seine Genre sind sehr verschieden Boogie, Ska, Jazz, Rock, Raggea und Schlager und mehr.<br \/>\nLive Auftritte gibt es mit Mundharmonika im Playbackverfahren oder mit Band.<\/p>\n<p><iframe loading=\"lazy\" title=\"YouTube video player\" src=\"https:\/\/www.youtube.com\/embed\/UQ3_qPhySPQ?si=60XWXS-lR5d1uOuF\" width=\"560\" height=\"315\" frameborder=\"0\" allowfullscreen=\"allowfullscreen\"><\/iframe><br \/>\nVideo Sammlung<br \/>\n<iframe loading=\"lazy\" src=\"https:\/\/www.youtube.com\/embed\/?listType=playlist&amp;list=PL3BF0cy3jiZHPGFxvTv4vRmlRycinQ2pc&amp;si=U6IJ-pWZS380dpyE\" width=\"560\" height=\"315\" frameborder=\"0\" allowfullscreen=\"allowfullscreen\"><a href=\"https:\/\/zilli-henneberg.de\/wp-content\/uploads\/2023\/08\/Zilli-Henneberg-Presse-Kit.pdf\" target=\"blank\" rel=\"noopener\">Presse Kit<\/a><br \/>\n<a href=\"https:\/\/zilli-henneberg.de\/wp-content\/uploads\/2023\/08\/Zilli-Henneberg-Technical-Rider.pdf\" target=\"blank\" rel=\"noopener\">Technical Rider<\/a><br \/>\n<a href=\"https:\/\/zilli-henneberg.de\/wp-content\/uploads\/2023\/08\/Zilli-Henneberg-Catering-Rider.pdf\" target=\"blank\" rel=\"noopener\">Catering Rider<\/a><\/p>\n<a href=\"https:\/\/www.facebook.com\/ZiLLi.Henneberg\/\" class=\"symple-social-icon \" title=\"facebook\"  target=\"_blank\"><img decoding=\"async\" src=\"https:\/\/zilli-henneberg.de\/wp-content\/plugins\/symple-shortcodes\/shortcodes\/images\/social\/facebook.png\" alt=\"facebook\" \/><\/a>\n<a href=\"https:\/\/www.youtube.com\/user\/Zilli2812\" class=\"symple-social-icon \" title=\"Youtube Kanal\"  target=\"_blank\"><img decoding=\"async\" src=\"https:\/\/zilli-henneberg.de\/wp-content\/plugins\/symple-shortcodes\/shortcodes\/images\/social\/youtube.png\" alt=\"youtube\" \/><\/a>\n<iframe loading=\"lazy\" style=\"width: 32px; height: 32px;\" src=\"https:\/\/w.soundcloud.com\/icon\/?url=http%3A%2F%2Fsoundcloud.com%2Fzilli-henneberg&amp;color=orange_white&amp;size=32\" width=\"300\" height=\"150\" frameborder=\"no\" scrolling=\"no\"><\/iframe><\/p>\n<p>Live Video-Sammlung<iframe loading=\"lazy\" src=\"https:\/\/www.youtube.com\/embed\/playlist?list=PL3BF0cy3jiZFMRZcQaAJ_oqmLPtPFJTtz\" width=\"300\" height=\"315\" frameborder=\"0\" allowfullscreen=\"allowfullscreen\"><\/iframe><\/p>\n<p><strong><br \/>\nLebenslauf<\/strong><br \/>\nZilli wurde am 28.12.1960 in Arnstadt geboren.<br \/>\nZu seinem 14. Geburtstag bekam er sein erstes Instrument, eine Gitarre. Das Spielen musste er sich selbst aneignen. Kurze Zeit sp\u00e4ter spielte er mit seinen Schulkameraden in der Rock &amp; Blues Band \u201eFischhaus Combo\u201c (FHC) bis zum Abitur erst Querfl\u00f6te dann Bass.<br \/>\nMit Roger Pabst gr\u00fcndete er in der Zeit seines Studiums ein Gypsy Swing Duo. Nach einer l\u00e4ngeren musikalischen Pause als Lehrer, Vater und Ehemann spielte er in den 90er Jahren mit seinen ehemaligen Schulkameraden in der Rockband \u201eJust for Fun\u201c wieder den Bass.<br \/>\nSeit 1990 Baustoffkaufmann. 1997 wechselt er in die Skaband \u201eVibration Syndicate\u201c spielte den Bass und sang seine eigenen Lieder. Zwischenzeitlich spielte er einige Jahre Saxophon in dieser Band und ver\u00f6ffentlichte vier seiner Lieder auf deren Alben \u201eIs this Ska\u2026\u201c und \u201eSkalarm\u201c.<br \/>\nSeit 2000 arbeitslos, seit 2006 Programmierer.<br \/>\n&#8222;Triple M\u201c ist die Familienband mit den S\u00f6hnen Max und Moritz.<br \/>\nAls sein Arbeitskollege 2015 sein Urlaubsvideo aus Mallorca gesehen hatte, dr\u00e4ngte er Ihn dazu den \u201eMelona Coco\u201c Song mit zu ver\u00f6ffentlichen. Es folgten weitere Ver\u00f6ffentlichungen 2017, 2018, 2022, 2024. Durch fremde k\u00fcnstliche Streams wurde am 29.06.2025 auf Veranlassung von Spotify Zilli weltweit zers\u00f6rt. Seit 12.07.2025 geht geht es von vorne wieder los.<br \/>\nMitten in der Pandemie verlies er aus pers\u00f6nlichen Gr\u00fcnden nach 24 Jahren die Band.<br \/>\nJetzt geht es weiter als Liedermacher und seit 11\/24 in einer Reggae Band.<br \/>\nDie Band macht fortschritte seit dem 21.06.2025 sind wir on stage.<\/p>\n<p><a href=\"https:\/\/youtube.com\/playlist?list=PL3BF0cy3jiZFCICTiQIlQjGkcoQmBvTb4&amp;si=QiqcVlhzk414NVAp\" target=\"blank\" rel=\"noopener\">Projekt Reggae<\/a><\/p>\n","protected":false},"excerpt":{"rendered":"<p>Neue Single mit Diensten Das Leben erz\u00e4hlt mit ein paar Noten. Zilli Henneberg schreibt die Musik zu den Liedern, die das Leben schreibt. Seine Texte sind satirisch, auch sarkastisch, mitten aus unserem Leben und bringen jeden zum Schmunzeln und oder&#8230;<br \/><a class=\"read-more-button\" href=\"https:\/\/zilli-henneberg.de\/\">Mehr Lesen<\/a><\/p>\n","protected":false},"author":1,"featured_media":0,"parent":0,"menu_order":0,"comment_status":"closed","ping_status":"closed","template":"","meta":{"footnotes":""},"class_list":["post-244","page","type-page","status-publish","hentry"],"psp_head":"<title>Tanzen, Party, Spa\u00df, Satire &ndash; Henneberg<\/title>\r\n<meta name=\"description\" content=\"Neue Single mit Diensten Das Leben erz\u00e4hlt mit ein paar Noten. Zilli Henneberg schreibt die Musik zu den Liedern, die das Leben schreibt. Seine Texte sind satirisch, auch sarkastisch, mitten aus unserem Leben und bringen jeden zum Schmunzeln und oder Nachdenken.\" \/>\r\n<meta name=\"robots\" content=\"index,follow\" \/>\r\n<link rel=\"canonical\" href=\"https:\/\/zilli-henneberg.de\/\" \/>\r\n","_links":{"self":[{"href":"https:\/\/zilli-henneberg.de\/index.php?rest_route=\/wp\/v2\/pages\/244","targetHints":{"allow":["GET"]}}],"collection":[{"href":"https:\/\/zilli-henneberg.de\/index.php?rest_route=\/wp\/v2\/pages"}],"about":[{"href":"https:\/\/zilli-henneberg.de\/index.php?rest_route=\/wp\/v2\/types\/page"}],"author":[{"embeddable":true,"href":"https:\/\/zilli-henneberg.de\/index.php?rest_route=\/wp\/v2\/users\/1"}],"replies":[{"embeddable":true,"href":"https:\/\/zilli-henneberg.de\/index.php?rest_route=%2Fwp%2Fv2%2Fcomments&post=244"}],"version-history":[{"count":335,"href":"https:\/\/zilli-henneberg.de\/index.php?rest_route=\/wp\/v2\/pages\/244\/revisions"}],"predecessor-version":[{"id":1283,"href":"https:\/\/zilli-henneberg.de\/index.php?rest_route=\/wp\/v2\/pages\/244\/revisions\/1283"}],"wp:attachment":[{"href":"https:\/\/zilli-henneberg.de\/index.php?rest_route=%2Fwp%2Fv2%2Fmedia&parent=244"}],"curies":[{"name":"wp","href":"https:\/\/api.w.org\/{rel}","templated":true}]}}