{"id":107,"date":"2015-04-16T22:44:27","date_gmt":"2015-04-16T20:44:27","guid":{"rendered":"http:\/\/zilli-henneberg.de\/?page_id=107"},"modified":"2025-07-20T16:51:08","modified_gmt":"2025-07-20T14:51:08","slug":"konzerte","status":"publish","type":"page","link":"https:\/\/zilli-henneberg.de\/?page_id=107","title":{"rendered":"Konzerte"},"content":{"rendered":"\n\n\n<p><\/p>\n\n\n\n<p><\/p>\n\n\n\n<div class=\"wp-block-columns is-layout-flex wp-container-core-columns-is-layout-9d6595d7 wp-block-columns-is-layout-flex\">\n<div class=\"wp-block-column is-layout-flow wp-block-column-is-layout-flow\" style=\"flex-basis:100%\">\n<figure class=\"wp-block-table is-style-stripes\"><table class=\"has-fixed-layout\"><tbody><tr><td>Datum<\/td><td>Uhrzeit<\/td><td>Location<\/td><td>Ort<\/td><td><\/td><\/tr><tr><td>20.09.2025<\/td><td>&nbsp;18:00<\/td><td>Maislabyrinth<\/td><td>Erfurt<\/td><td><\/td><\/tr><tr><td>24.08.2025<\/td><td>&nbsp;12:00<\/td><td>Erfurt-Bischleben<\/td><td>Erfurt<\/td><td>GrasH\u00fcpfen Fest(ival)<\/td><\/tr><tr><td>07.08.2025<\/td><td>&nbsp;18:00<\/td><td>Komma Rum<\/td><td>Erfurt<\/td><td><\/td><\/tr><tr><td>21.06.2025<\/td><td>&nbsp;19:00<\/td><td>Kultur &amp; Caf\u00e9 Franz Mehlhose L\u00f6berstra\u00dfe 12<\/td><td>Erfurt<\/td><td>F\u00caTE DE LA MUSIQUE<\/td><\/tr><tr><td>21.06.2025<\/td><td>&nbsp;16:00<\/td><td>untere Bahnhofstra\u00dfe (gg\u00fc. Heublein Bahnhofstra\u00dfe 64)<\/td><td>Sonneberg<\/td><td>F\u00caTE DE LA MUSIQUE<\/td><\/tr><tr><td>21.06.2024<\/td><td>&nbsp;21:30<\/td><td>Palais Schardt Scherfgasse 3<\/td><td>Weimar<\/td><td>F\u00caTE DE LA MUSIQUE<\/td><\/tr><tr><td>21.06.2024<\/td><td>16:30<\/td><td>Caf\u00e8 Nerly Marktstr. 6<\/td><td>Erfurt<\/td><td>F\u00caTE DE LA MUSIQUE<\/td><\/tr><tr><td>01.05.2024<\/td><td>15:00<\/td><td>Sportplatz<\/td><td>Langewiesen<\/td><td>1.Mai Feier<\/td><\/tr><tr><td>31.12.2023<\/td><td>16:00<\/td><td>Median Klinik<\/td><td>Bad Tennstedt<\/td><td>Kurkonzert<\/td><\/tr><tr><td>01.09.2023<\/td><td>20:00<\/td><td>Halle 5 Buga<\/td><td>Mannheim<\/td><td>Buga 23<\/td><\/tr><tr><td>21.06.2023<\/td><td>20:15-20:45<\/td><td>Angerbrunnen Erfurt<\/td><td>Erfurt<\/td><td>Anger 37<\/td><\/tr><tr><td>18.06.2023<\/td><td>12:00-12:50<\/td><td>Fischmarkt Erfurt<\/td><td>Erfurt<\/td><td>Fischmarkt 10<\/td><\/tr><tr><td>17.06.2023<\/td><td>11:00-11:50<\/td><td>Fischmarkt Erfurt<\/td><td>Erfurt<\/td><td>Fischmarkt 10<\/td><\/tr><tr><td>25.05.2023<\/td><td>19:00<\/td><td>Median Klinik<\/td><td>Flechtingen<\/td><td>Parkstra\u00dfe 136<\/td><\/tr><tr><td>10.06.2023<\/td><td>19:00<\/td><td>Geburtstag<\/td><td>Privat<\/td><td>&nbsp;<\/td><\/tr><tr><td>11.02.2023<\/td><td>19:00<\/td><td>Kulturkollektiv e.V.<\/td><td>Lauscha<\/td><td>Bahnhofstra\u00dfe 29<\/td><\/tr><tr><td>31.12.2022<\/td><td>16:00<\/td><td>Median Klinik<\/td><td>Bad Tennstedt<\/td><td>&nbsp;<\/td><\/tr><tr><td>24.09.2021<\/td><td>20:00<\/td><td>Altes Theater<\/td><td>Erfurt<\/td><td>&nbsp;<\/td><\/tr><tr><td>10.09.2021<\/td><td>20:00<\/td><td>Schlo\u00dfpark<\/td><td>Bendeleben<\/td><td>&nbsp;<\/td><\/tr><tr><td>10.07.2021<\/td><td>&nbsp;<\/td><td>Hochzeit<\/td><td>Ilmenau<\/td><td>&nbsp;<\/td><\/tr><tr><td>26.06.2021<\/td><td>20:00<\/td><td>Lagune<\/td><td>Erfurt<\/td><td>&nbsp;<\/td><\/tr><tr><td>27.06.2020<\/td><td>16:00<\/td><td>AJZ Erfurt<\/td><td>Erfurt<\/td><td>&nbsp;Vollbrachtstra\u00dfe 1<\/td><\/tr><tr><td>25.01.2020<\/td><td>21:00<\/td><td><a href=\"https:\/\/www.ilvers.de\/\" target=\"blank\" rel=\"noopener\">Ilverse<\/a><\/td><td>Erfurt<\/td><td>Magdeburger Allee 136<\/td><\/tr><tr><td>14.12.2019<\/td><td>21:00<\/td><td><a href=\"https:\/\/www.facebook.com\/destille.me\/\" target=\"blank\" rel=\"noopener\">Destille<\/a><\/td><td>Nordhausen<\/td><td>Grimmelallee 49<\/td><\/tr><tr><td>09.11.2019<\/td><td>21:00<\/td><td><a href=\"http:\/\/cafe-bohne-ilmenau.de\/\" target=\"blank\" rel=\"noopener\">Caf\u00e9 Bohne<\/a><\/td><td>Ilmenau<\/td><td>Weimarerstra\u00dfe 9<\/td><\/tr><tr><td>119.10.2019<\/td><td>20:00<\/td><td>Klangger\u00fcst<\/td><td>Erfurt<\/td><td>Magdeburger Alle 155<\/td><\/tr><tr><td>12.10.2019<\/td><td>19:00<\/td><td><a href=\"https:\/\/allevents.in\/erfurt\/z%C3%84hne-2019\/200017963051448\" target=\"blank\" rel=\"noopener\">Domizil<\/a><\/td><td>Erfurt<\/td><td>Am Alten Norh\u00e4user Bahnhof 14<\/td><\/tr><tr><td>20.09.2019<\/td><td>abends<\/td><td>&nbsp;<\/td><td>Ilmenau<\/td><td>&nbsp;<\/td><\/tr><tr><td>17.08.2019<\/td><td>abends<\/td><td>B\u00f6sleben<\/td><td>Bad Life<\/td><td>Openair<\/td><\/tr><tr><td>10.08.2019<\/td><td>abends<\/td><td>bei Ndh<\/td><td>&nbsp;<\/td><td>Geburtsstagsfeier<\/td><\/tr><tr><td>06.07.2019<\/td><td>bis<\/td><td>09.08.2019<\/td><td>Urlaub<\/td><td>&nbsp;<\/td><\/tr><tr><td>05.07.2019<\/td><td>21:00<\/td><td><a href=\"https:\/\/thueringer-gebirgs-und-wanderverein.de\/my-calendar?cid=mc_mini_widget-2&amp;mc_id=72\" target=\"blank\" rel=\"noopener\">Schneekopf<\/a><\/td><td>Th\u00fcringer Wald<\/td><td>Natur<\/td><\/tr><tr><td>29.06.2019<\/td><td>21:00<\/td><td>Erfurt<\/td><td>&nbsp;<\/td><td>Privatparty<\/td><\/tr><tr><td>14.06.2019<\/td><td>21:00<\/td><td><a href=\"https:\/\/www.betterplace.org\/de\/projects\/67007-flutlicht-festival-2019\" target=\"blank\" rel=\"noopener\">Flutlicht Festival 2019<\/a><\/td><td>Jena<\/td><td>&nbsp;<\/td><\/tr><tr><td>17.05.2019<\/td><td>21:00<\/td><td>Prinzenhof<\/td><td>Arnstadt<\/td><td>&nbsp;<\/td><\/tr><tr><td>29.03.2019<\/td><td>21:00<\/td><td><a href=\"https:\/\/www.ilvers.de\/events\/wisecracker-ska-punk-aus-hannover\" target=\"blank\" rel=\"noopener\">Ilvers<\/a><\/td><td>Erfurt<\/td><td>Magdeburger Allee<\/td><\/tr><tr><td>24.11.2018<\/td><td>21:00<\/td><td><a href=\"https:\/\/www.kulturcarre.de\/veranstaltung\/10866\" target=\"blank\" rel=\"noopener\">Klangger\u00fcst<\/a><\/td><td>Erfurt<\/td><td>Magdeburger Allee 175<\/td><\/tr><tr><td>20.10.2018<\/td><td>21:00<\/td><td><a href=\"http:\/\/cafe-bohne-ilmenau.de\/?page_id=6\" target=\"blank\" rel=\"noopener\">Caf\u00e9 Bohne<\/a><\/td><td>Ilmenau<\/td><td>Weimarerstra\u00dfe 9<\/td><\/tr><tr><td>22.09.2018<\/td><td>&nbsp;<\/td><td>&nbsp;<\/td><td>Nordhausen<\/td><td>&nbsp;<\/td><\/tr><tr><td>06.07.2018<\/td><td>&nbsp;<\/td><td>&nbsp;<\/td><td>Ilmenau<\/td><td>&nbsp;<\/td><\/tr><tr><td>30.06.2018<\/td><td>20:00<\/td><td><a href=\"https:\/\/www.facebook.com\/events\/466003427172055\/\" target=\"blank\" rel=\"noopener\">Schwarze Katz<\/a><\/td><td>S\u00f6mmerda<\/td><td>Markt 5<\/td><\/tr><tr><td>21.06.2018<\/td><td>20:00<\/td><td><a href=\"https:\/\/www.facebook.com\/events\/562578277413169\/\" target=\"blank\" rel=\"noopener\">Fete de la Musik<\/a><\/td><td>Erfurt<\/td><td>vor Caffe Nerli<\/td><\/tr><tr><td>20.06.2018<\/td><td>20:00<\/td><td>Kalles Schankwirtschaft<\/td><td>Gro\u00dfrudestedt<\/td><td>&nbsp;<\/td><\/tr><tr><td>30.04.2018<\/td><td>&nbsp;<\/td><td>Johannes Lang Haus<\/td><td>Erfurt<\/td><td>&nbsp;<\/td><\/tr><tr><td>07.04.2018<\/td><td>20:00<\/td><td>M\u00fcnzkeller (Prinzenhof)<\/td><td>Arnstadt<\/td><td>&nbsp;<\/td><\/tr><tr><td>24.02.2018<\/td><td>&nbsp;<\/td><td>Ilmenau<\/td><td>&nbsp;<\/td><td>&nbsp;<\/td><\/tr><tr><td>16.02.2018<\/td><td>20:00<\/td><td><a href=\"http:\/\/www.kulturhammer.de\/saal\" target=\"blank\" rel=\"noopener\">Tanzsaal Kulturhammer<\/a><\/td><td>95199 Thierstein<\/td><td>Schlossstr. 7<\/td><\/tr><tr><td>07.12.2017<\/td><td>18:00<\/td><td>MEDIAN Klinik<\/td><td>Bad Tennstedt<\/td><td>&nbsp;<\/td><\/tr><tr><td>29.11.2017<\/td><td>18:00<\/td><td>MEDIAN Klinik<\/td><td>Bad Tennstedt<\/td><td>&nbsp;<\/td><\/tr><tr><td>27.10.2017<\/td><td>18:00<\/td><td>MEDIAN Klinik<\/td><td>Bad Tennstedt<\/td><td>&nbsp;<\/td><\/tr><tr><td>21.10.2017<\/td><td>Abends<\/td><td>&nbsp;<\/td><td>&nbsp;<\/td><td>&nbsp;<\/td><\/tr><tr><td>29.09.2017<\/td><td>18:00<\/td><td>MEDIAN Klinik<\/td><td>Bad Tennstedt<\/td><td>&nbsp;<\/td><\/tr><tr><td>25.08.2017<\/td><td>18:00<\/td><td>MEDIAN Klinik<\/td><td>Bad Tennstedt<\/td><td>&nbsp;<\/td><\/tr><tr><td>12.08.2017<\/td><td>19:00<\/td><td>Stra\u00dfenfest<\/td><td>Bad Langensalza<\/td><td>&nbsp;<\/td><\/tr><tr><td>26.07.2017<\/td><td>18:00<\/td><td>MEDIAN Klinik<\/td><td>Bad Tennstedt<\/td><td>&nbsp;<\/td><\/tr><tr><td>23.06.2017<\/td><td>19:00<\/td><td><a href=\"https:\/\/www.facebook.com\/events\/1191455687649135\" target=\"blank\" rel=\"noopener\">Schwarze Katz<\/a><\/td><td>S\u00f6mmerda<\/td><td>Markt 5<\/td><\/tr><tr><td>17.06.2017<\/td><td>+01:00<\/td><td><a href=\"https:\/\/www.facebook.com\/events\/112380309224719\/?fref=ts\" target=\"blank\" rel=\"noopener\">Rock am Berg<\/a><\/td><td>Merkers-Kieselbach<\/td><td>Waldstadion<\/td><\/tr><tr><td>05.06.2017<\/td><td>18:00<\/td><td>MEDIAN Klinik<\/td><td>Bad Tennstedt<\/td><td>&nbsp;<\/td><\/tr><tr><td>27.05.2017<\/td><td>17:00<\/td><td>Stadtpark<\/td><td>Arnstadt<\/td><td>Theaterplatz<\/td><\/tr><tr><td>13.05.2013<\/td><td>Abends<\/td><td>&nbsp;<\/td><td>&nbsp;<\/td><td>&nbsp;<\/td><\/tr><tr><td>05.05.2017<\/td><td>18:00<\/td><td>MEDIAN Klinik<\/td><td>Bad Tennstedt<\/td><td>&nbsp;<\/td><\/tr><tr><td>01.05.2017<\/td><td>14:30<\/td><td>Anger<\/td><td>Erfurt<\/td><td>Anger<\/td><\/tr><tr><td>31.03.2017<\/td><td>22:00<\/td><td><a href=\"http:\/\/www.ajz-erfurt.de\/wp\/archives\/575\">Ajz<\/a><\/td><td>Erfurt<\/td><td>&nbsp;<\/td><\/tr><tr><td>03.03.2017<\/td><td>18:00<\/td><td>MEDIAN Klinik<\/td><td>Bad Tennstedt<\/td><td>&nbsp;<\/td><\/tr><tr><td>17.12.2016<\/td><td>22:00<\/td><td><a href=\"https:\/\/www.facebook.com\/events\/910396022428885\/\">Ajz<\/a><\/td><td>Erfurt<\/td><td>Benefiz 1026<\/td><\/tr><tr><td>10.12.2016<\/td><td>20:00<\/td><td>Caf\u00e9 Bohne<\/td><td>Ilmenau<\/td><td>Weimarerstra\u00dfe<\/td><\/tr><tr><td>20.11.2016<\/td><td>18:00<\/td><td>MEDIAN Klinik<\/td><td>Bad Tennstedt<\/td><td>&nbsp;<\/td><\/tr><tr><td>23.07.2016<\/td><td>??:??<\/td><td><a href=\"https:\/\/www.facebook.com\/Wutstock\">WutStock Festival<\/a><\/td><td>Sondershausen<\/td><td>Thalebraer Park<\/td><\/tr><tr><td>25.06.2016<\/td><td>&nbsp;<\/td><td>IG Klettern<\/td><td>Halle<\/td><td>Vereinsfeier<\/td><\/tr><tr><td>15.06.2016<\/td><td>19:00<\/td><td><a href=\"http:\/\/www.assmann-musik.de\/musikantenstammtisch_termine.php\">Musikerstammtisch<\/a><\/td><td>Gro\u00dfrudestedt<\/td><td>Mittelgsse 3<\/td><\/tr><tr><td>10.06.2016<\/td><td>19:30<\/td><td><a href=\"https:\/\/www.facebook.com\/SchwarzeKatzDieKunstkneipe\/?fref=ts\">Schwarze Katz<\/a><\/td><td>S\u00f6mmerda<\/td><td>Marktstra\u00dfe 5<\/td><\/tr><tr><td>01.05.2016<\/td><td>14:00<\/td><td>1.Mai<\/td><td>Erfurt<\/td><td>Anger 1<\/td><\/tr><tr><td>30.04.2016<\/td><td>16:00<\/td><td><a href=\"https:\/\/www.facebook.com\/events\/1584589101869016\/\">Erfurt Lacht<\/a><\/td><td>Erfurt<\/td><td>Anger 1<\/td><\/tr><\/tbody><\/table><\/figure>\n<\/div>\n<\/div>\n","protected":false},"excerpt":{"rendered":"<p>Datum Uhrzeit Location Ort 20.09.2025 &nbsp;18:00 Maislabyrinth Erfurt 24.08.2025 &nbsp;12:00 Erfurt-Bischleben Erfurt GrasH\u00fcpfen Fest(ival) 07.08.2025 &nbsp;18:00 Komma Rum Erfurt 21.06.2025 &nbsp;19:00 Kultur &amp; Caf\u00e9 Franz Mehlhose L\u00f6berstra\u00dfe 12 Erfurt F\u00caTE DE LA MUSIQUE 21.06.2025 &nbsp;16:00 untere Bahnhofstra\u00dfe (gg\u00fc. Heublein Bahnhofstra\u00dfe&#8230;<br \/><a class=\"read-more-button\" href=\"https:\/\/zilli-henneberg.de\/?page_id=107\">Mehr Lesen<\/a><\/p>\n","protected":false},"author":1,"featured_media":0,"parent":0,"menu_order":0,"comment_status":"closed","ping_status":"closed","template":"","meta":{"footnotes":""},"class_list":["post-107","page","type-page","status-publish","hentry"],"psp_head":"<title>Konzerte &ndash; Henneberg<\/title>\r\n<meta name=\"description\" content=\"DatumUhrzeitLocationOrt20.09.2025&nbsp;18:00MaislabyrinthErfurt24.08.2025&nbsp;12:00Erfurt-BischlebenErfurtGrasH\u00fcpfen Fest(ival)07.08.2025&nbsp;18:00Komma RumErfurt21.\" \/>\r\n<meta name=\"robots\" content=\"index,follow\" \/>\r\n<link rel=\"canonical\" href=\"https:\/\/zilli-henneberg.de\/?page_id=107\" \/>\r\n","_links":{"self":[{"href":"https:\/\/zilli-henneberg.de\/index.php?rest_route=\/wp\/v2\/pages\/107","targetHints":{"allow":["GET"]}}],"collection":[{"href":"https:\/\/zilli-henneberg.de\/index.php?rest_route=\/wp\/v2\/pages"}],"about":[{"href":"https:\/\/zilli-henneberg.de\/index.php?rest_route=\/wp\/v2\/types\/page"}],"author":[{"embeddable":true,"href":"https:\/\/zilli-henneberg.de\/index.php?rest_route=\/wp\/v2\/users\/1"}],"replies":[{"embeddable":true,"href":"https:\/\/zilli-henneberg.de\/index.php?rest_route=%2Fwp%2Fv2%2Fcomments&post=107"}],"version-history":[{"count":104,"href":"https:\/\/zilli-henneberg.de\/index.php?rest_route=\/wp\/v2\/pages\/107\/revisions"}],"predecessor-version":[{"id":969,"href":"https:\/\/zilli-henneberg.de\/index.php?rest_route=\/wp\/v2\/pages\/107\/revisions\/969"}],"wp:attachment":[{"href":"https:\/\/zilli-henneberg.de\/index.php?rest_route=%2Fwp%2Fv2%2Fmedia&parent=107"}],"curies":[{"name":"wp","href":"https:\/\/api.w.org\/{rel}","templated":true}]}}